{"id":503,"date":"2020-02-23T11:05:54","date_gmt":"2020-02-23T11:05:54","guid":{"rendered":"http:\/\/www.maijahelasvuo.com\/?page_id=503"},"modified":"2025-03-05T16:33:37","modified_gmt":"2025-03-05T14:33:37","slug":"suomi-julkiset-teokset","status":"publish","type":"page","link":"https:\/\/www.maijahelasvuo.com\/fi\/suomi-julkiset-teokset\/","title":{"rendered":"Julkiset teokset"},"content":{"rendered":"<p><div id=\"attachment_739\" style=\"width: 1210px\" class=\"wp-caption alignleft\"><img loading=\"lazy\" decoding=\"async\" aria-describedby=\"caption-attachment-739\" class=\"wp-image-739 size-full\" src=\"https:\/\/www.maijahelasvuo.com\/wp-content\/uploads\/2025\/03\/Jokaisessa-pinnassa-naen-paikan-mista-olen-kotoisin.-Lasi-Hyvinkaan-sairaala.jpeg\" alt=\"\" width=\"1200\" height=\"1600\" srcset=\"https:\/\/www.maijahelasvuo.com\/wp-content\/uploads\/2025\/03\/Jokaisessa-pinnassa-naen-paikan-mista-olen-kotoisin.-Lasi-Hyvinkaan-sairaala.jpeg 1200w, https:\/\/www.maijahelasvuo.com\/wp-content\/uploads\/2025\/03\/Jokaisessa-pinnassa-naen-paikan-mista-olen-kotoisin.-Lasi-Hyvinkaan-sairaala-225x300.jpeg 225w, https:\/\/www.maijahelasvuo.com\/wp-content\/uploads\/2025\/03\/Jokaisessa-pinnassa-naen-paikan-mista-olen-kotoisin.-Lasi-Hyvinkaan-sairaala-768x1024.jpeg 768w, https:\/\/www.maijahelasvuo.com\/wp-content\/uploads\/2025\/03\/Jokaisessa-pinnassa-naen-paikan-mista-olen-kotoisin.-Lasi-Hyvinkaan-sairaala-1152x1536.jpeg 1152w, https:\/\/www.maijahelasvuo.com\/wp-content\/uploads\/2025\/03\/Jokaisessa-pinnassa-naen-paikan-mista-olen-kotoisin.-Lasi-Hyvinkaan-sairaala-360x480.jpeg 360w\" sizes=\"auto, (max-width: 1200px) 100vw, 1200px\" \/><p id=\"caption-attachment-739\" class=\"wp-caption-text\">Jokaisessa pinnassa n\u00e4en paikan mist\u00e4 olen kotoisin. Lasi.<br \/>Hyvink\u00e4\u00e4n Sairaala<br \/>Kuva : Aura Dufva<\/p><\/div><\/p>\n<div id=\"attachment_580\" style=\"width: 1135px\" class=\"wp-caption alignleft\"><img loading=\"lazy\" decoding=\"async\" aria-describedby=\"caption-attachment-580\" class=\"wp-image-580 size-full\" src=\"http:\/\/www.maijahelasvuo.com\/wp-content\/uploads\/2021\/11\/Helasvuo_Aiti_ja_Lapsi.jpg\" alt=\"\" width=\"1125\" height=\"1500\" srcset=\"https:\/\/www.maijahelasvuo.com\/wp-content\/uploads\/2021\/11\/Helasvuo_Aiti_ja_Lapsi.jpg 1125w, https:\/\/www.maijahelasvuo.com\/wp-content\/uploads\/2021\/11\/Helasvuo_Aiti_ja_Lapsi-225x300.jpg 225w, https:\/\/www.maijahelasvuo.com\/wp-content\/uploads\/2021\/11\/Helasvuo_Aiti_ja_Lapsi-768x1024.jpg 768w, https:\/\/www.maijahelasvuo.com\/wp-content\/uploads\/2021\/11\/Helasvuo_Aiti_ja_Lapsi-360x480.jpg 360w\" sizes=\"auto, (max-width: 1125px) 100vw, 1125px\" \/><p id=\"caption-attachment-580\" class=\"wp-caption-text\">\u00c4iti \/ Lapsi. koivu, haapa, lepp\u00e4 ja m\u00e4nty<br \/>Hyvink\u00e4\u00e4n lukio, Kipin\u00e4-talo Hyvink\u00e4\u00e4<\/p><\/div>\n<div id=\"attachment_561\" style=\"width: 1135px\" class=\"wp-caption alignleft\"><img loading=\"lazy\" decoding=\"async\" aria-describedby=\"caption-attachment-561\" class=\"wp-image-561 size-full\" src=\"http:\/\/www.maijahelasvuo.com\/wp-content\/uploads\/2021\/11\/Helasvuo_Evaat_Mukaan_1.jpg\" alt=\"\" width=\"1125\" height=\"1500\" srcset=\"https:\/\/www.maijahelasvuo.com\/wp-content\/uploads\/2021\/11\/Helasvuo_Evaat_Mukaan_1.jpg 1125w, https:\/\/www.maijahelasvuo.com\/wp-content\/uploads\/2021\/11\/Helasvuo_Evaat_Mukaan_1-225x300.jpg 225w, https:\/\/www.maijahelasvuo.com\/wp-content\/uploads\/2021\/11\/Helasvuo_Evaat_Mukaan_1-768x1024.jpg 768w, https:\/\/www.maijahelasvuo.com\/wp-content\/uploads\/2021\/11\/Helasvuo_Evaat_Mukaan_1-360x480.jpg 360w\" sizes=\"auto, (max-width: 1125px) 100vw, 1125px\" \/><p id=\"caption-attachment-561\" class=\"wp-caption-text\">Ev\u00e4\u00e4t mukaan! 2021. pronssi. 210 x 320 x 220 cm. kivipolku 16 m<br \/>Ylisoutajan aukio Joensuu<\/p><\/div>\n<div id=\"attachment_562\" style=\"width: 1510px\" class=\"wp-caption alignleft\"><img loading=\"lazy\" decoding=\"async\" aria-describedby=\"caption-attachment-562\" class=\"wp-image-562 size-full\" src=\"http:\/\/www.maijahelasvuo.com\/wp-content\/uploads\/2021\/11\/Helasvuo_Evaat_Mukaan_2.jpg\" alt=\"\" width=\"1500\" height=\"1125\" srcset=\"https:\/\/www.maijahelasvuo.com\/wp-content\/uploads\/2021\/11\/Helasvuo_Evaat_Mukaan_2.jpg 1500w, https:\/\/www.maijahelasvuo.com\/wp-content\/uploads\/2021\/11\/Helasvuo_Evaat_Mukaan_2-300x225.jpg 300w, https:\/\/www.maijahelasvuo.com\/wp-content\/uploads\/2021\/11\/Helasvuo_Evaat_Mukaan_2-1024x768.jpg 1024w, https:\/\/www.maijahelasvuo.com\/wp-content\/uploads\/2021\/11\/Helasvuo_Evaat_Mukaan_2-768x576.jpg 768w\" sizes=\"auto, (max-width: 1500px) 100vw, 1500px\" \/><p id=\"caption-attachment-562\" class=\"wp-caption-text\">Ev\u00e4\u00e4t mukaan! 2021. pronssi. 210 x 320 x 220 cm. kivipolku 16 m<br \/>Ylisoutajan aukio Joensuu<\/p><\/div>\n<div id=\"attachment_564\" style=\"width: 1510px\" class=\"wp-caption alignleft\"><img loading=\"lazy\" decoding=\"async\" aria-describedby=\"caption-attachment-564\" class=\"wp-image-564 size-full\" src=\"http:\/\/www.maijahelasvuo.com\/wp-content\/uploads\/2021\/11\/Helasvuo_Evaat_Mukaan_4.jpg\" alt=\"\" width=\"1500\" height=\"1125\" srcset=\"https:\/\/www.maijahelasvuo.com\/wp-content\/uploads\/2021\/11\/Helasvuo_Evaat_Mukaan_4.jpg 1500w, https:\/\/www.maijahelasvuo.com\/wp-content\/uploads\/2021\/11\/Helasvuo_Evaat_Mukaan_4-300x225.jpg 300w, https:\/\/www.maijahelasvuo.com\/wp-content\/uploads\/2021\/11\/Helasvuo_Evaat_Mukaan_4-1024x768.jpg 1024w, https:\/\/www.maijahelasvuo.com\/wp-content\/uploads\/2021\/11\/Helasvuo_Evaat_Mukaan_4-768x576.jpg 768w\" sizes=\"auto, (max-width: 1500px) 100vw, 1500px\" \/><p id=\"caption-attachment-564\" class=\"wp-caption-text\">Ev\u00e4\u00e4t mukaan! 2021. pronssi. 210 x 320 x 220 cm. kivipolku 16 m<br \/>Ylisoutajan aukio Joensuu<\/p><\/div>\n<div id=\"attachment_565\" style=\"width: 1135px\" class=\"wp-caption alignleft\"><img loading=\"lazy\" decoding=\"async\" aria-describedby=\"caption-attachment-565\" class=\"wp-image-565 size-full\" src=\"http:\/\/www.maijahelasvuo.com\/wp-content\/uploads\/2021\/11\/Helasvuo_Evaat_Mukaan_5.jpg\" alt=\"\" width=\"1125\" height=\"1500\" srcset=\"https:\/\/www.maijahelasvuo.com\/wp-content\/uploads\/2021\/11\/Helasvuo_Evaat_Mukaan_5.jpg 1125w, https:\/\/www.maijahelasvuo.com\/wp-content\/uploads\/2021\/11\/Helasvuo_Evaat_Mukaan_5-225x300.jpg 225w, https:\/\/www.maijahelasvuo.com\/wp-content\/uploads\/2021\/11\/Helasvuo_Evaat_Mukaan_5-768x1024.jpg 768w, https:\/\/www.maijahelasvuo.com\/wp-content\/uploads\/2021\/11\/Helasvuo_Evaat_Mukaan_5-360x480.jpg 360w\" sizes=\"auto, (max-width: 1125px) 100vw, 1125px\" \/><p id=\"caption-attachment-565\" class=\"wp-caption-text\">Ev\u00e4\u00e4t mukaan! 2021. pronssi. 210 x 320 x 220 cm. kivipolku 16 m<br \/>Ylisoutajan aukio Joensuu<\/p><\/div>\n<div id=\"attachment_566\" style=\"width: 1135px\" class=\"wp-caption alignleft\"><img loading=\"lazy\" decoding=\"async\" aria-describedby=\"caption-attachment-566\" class=\"wp-image-566 size-full\" src=\"http:\/\/www.maijahelasvuo.com\/wp-content\/uploads\/2021\/11\/Helasvuo_Evaat_Mukaan_6.jpg\" alt=\"\" width=\"1125\" height=\"1500\" srcset=\"https:\/\/www.maijahelasvuo.com\/wp-content\/uploads\/2021\/11\/Helasvuo_Evaat_Mukaan_6.jpg 1125w, https:\/\/www.maijahelasvuo.com\/wp-content\/uploads\/2021\/11\/Helasvuo_Evaat_Mukaan_6-225x300.jpg 225w, https:\/\/www.maijahelasvuo.com\/wp-content\/uploads\/2021\/11\/Helasvuo_Evaat_Mukaan_6-768x1024.jpg 768w, https:\/\/www.maijahelasvuo.com\/wp-content\/uploads\/2021\/11\/Helasvuo_Evaat_Mukaan_6-360x480.jpg 360w\" sizes=\"auto, (max-width: 1125px) 100vw, 1125px\" \/><p id=\"caption-attachment-566\" class=\"wp-caption-text\">Ev\u00e4\u00e4t mukaan! 2021. pronssi. 210 x 320 x 220 cm. kivipolku 16 m<br \/>Ylisoutajan aukio Joensuu<\/p><\/div>\n<div id=\"attachment_504\" style=\"width: 1510px\" class=\"wp-caption alignleft\"><img loading=\"lazy\" decoding=\"async\" aria-describedby=\"caption-attachment-504\" class=\"wp-image-504 size-full\" src=\"http:\/\/www.maijahelasvuo.com\/wp-content\/uploads\/2020\/02\/Helasvuo-suuri-syd\u00e4n-2002_web.jpg\" alt=\"maija helasvuo veistos 2002\" width=\"1500\" height=\"1125\" srcset=\"https:\/\/www.maijahelasvuo.com\/wp-content\/uploads\/2020\/02\/Helasvuo-suuri-syd\u00e4n-2002_web.jpg 1500w, https:\/\/www.maijahelasvuo.com\/wp-content\/uploads\/2020\/02\/Helasvuo-suuri-syd\u00e4n-2002_web-300x225.jpg 300w, https:\/\/www.maijahelasvuo.com\/wp-content\/uploads\/2020\/02\/Helasvuo-suuri-syd\u00e4n-2002_web-1024x768.jpg 1024w, https:\/\/www.maijahelasvuo.com\/wp-content\/uploads\/2020\/02\/Helasvuo-suuri-syd\u00e4n-2002_web-768x576.jpg 768w\" sizes=\"auto, (max-width: 1500px) 100vw, 1500px\" \/><p id=\"caption-attachment-504\" class=\"wp-caption-text\">Suuri syd\u00e4n. 2002. lepp\u00e4. 176 x 230 x 143 cm<br \/>P\u00e4iv\u00e4koti Hyvink\u00e4\u00e4<br \/>(Lapset voivat menn\u00e4 veistoksen sis\u00e4\u00e4n)<\/p><\/div>\n<div id=\"attachment_508\" style=\"width: 1135px\" class=\"wp-caption alignleft\"><img loading=\"lazy\" decoding=\"async\" aria-describedby=\"caption-attachment-508\" class=\"wp-image-508 size-full\" src=\"http:\/\/www.maijahelasvuo.com\/wp-content\/uploads\/2020\/02\/Helasvuo-peili-2008_web.jpg\" alt=\"maija helasvuo veistos 2008\" width=\"1125\" height=\"1500\" srcset=\"https:\/\/www.maijahelasvuo.com\/wp-content\/uploads\/2020\/02\/Helasvuo-peili-2008_web.jpg 1125w, https:\/\/www.maijahelasvuo.com\/wp-content\/uploads\/2020\/02\/Helasvuo-peili-2008_web-225x300.jpg 225w, https:\/\/www.maijahelasvuo.com\/wp-content\/uploads\/2020\/02\/Helasvuo-peili-2008_web-768x1024.jpg 768w, https:\/\/www.maijahelasvuo.com\/wp-content\/uploads\/2020\/02\/Helasvuo-peili-2008_web-360x480.jpg 360w\" sizes=\"auto, (max-width: 1125px) 100vw, 1125px\" \/><p id=\"caption-attachment-508\" class=\"wp-caption-text\">Peili. 2008. m\u00e4nty. kor. 184 cm<br \/>Kaupungintalo Hyvink\u00e4\u00e4<\/p><\/div>\n<div id=\"attachment_533\" style=\"width: 1170px\" class=\"wp-caption alignleft\"><img loading=\"lazy\" decoding=\"async\" aria-describedby=\"caption-attachment-533\" class=\"size-full wp-image-533\" src=\"http:\/\/www.maijahelasvuo.com\/wp-content\/uploads\/2020\/02\/Helasvuo-Lehtokertun-siiveikkeiss\u00e4-2018_web.jpg\" alt=\"maija helasvuo veistos 2018\" width=\"1160\" height=\"774\" srcset=\"https:\/\/www.maijahelasvuo.com\/wp-content\/uploads\/2020\/02\/Helasvuo-Lehtokertun-siiveikkeiss\u00e4-2018_web.jpg 1160w, https:\/\/www.maijahelasvuo.com\/wp-content\/uploads\/2020\/02\/Helasvuo-Lehtokertun-siiveikkeiss\u00e4-2018_web-300x200.jpg 300w, https:\/\/www.maijahelasvuo.com\/wp-content\/uploads\/2020\/02\/Helasvuo-Lehtokertun-siiveikkeiss\u00e4-2018_web-1024x683.jpg 1024w, https:\/\/www.maijahelasvuo.com\/wp-content\/uploads\/2020\/02\/Helasvuo-Lehtokertun-siiveikkeiss\u00e4-2018_web-768x512.jpg 768w\" sizes=\"auto, (max-width: 1160px) 100vw, 1160px\" \/><p id=\"caption-attachment-533\" class=\"wp-caption-text\">Lehtokertun siivekkeiss\u00e4. 2018. haapa, lepp\u00e4, pihlaja, tuomi, vaahtera, koivu, m\u00e4nty, puuvaha. 125 x 380 x 10 cm <br \/>Hyvink\u00e4\u00e4n Sairaala<\/p><\/div>\n<div id=\"attachment_511\" style=\"width: 1510px\" class=\"wp-caption alignleft\"><img loading=\"lazy\" decoding=\"async\" aria-describedby=\"caption-attachment-511\" class=\"wp-image-511 size-full\" src=\"http:\/\/www.maijahelasvuo.com\/wp-content\/uploads\/2020\/02\/Helasvuo-Suurella-K\u00e4mmenell\u00e4-2013_web.jpg\" alt=\"maija helasvuo veistos 2013\" width=\"1500\" height=\"1001\" srcset=\"https:\/\/www.maijahelasvuo.com\/wp-content\/uploads\/2020\/02\/Helasvuo-Suurella-K\u00e4mmenell\u00e4-2013_web.jpg 1500w, https:\/\/www.maijahelasvuo.com\/wp-content\/uploads\/2020\/02\/Helasvuo-Suurella-K\u00e4mmenell\u00e4-2013_web-300x200.jpg 300w, https:\/\/www.maijahelasvuo.com\/wp-content\/uploads\/2020\/02\/Helasvuo-Suurella-K\u00e4mmenell\u00e4-2013_web-1024x683.jpg 1024w, https:\/\/www.maijahelasvuo.com\/wp-content\/uploads\/2020\/02\/Helasvuo-Suurella-K\u00e4mmenell\u00e4-2013_web-768x513.jpg 768w\" sizes=\"auto, (max-width: 1500px) 100vw, 1500px\" \/><p id=\"caption-attachment-511\" class=\"wp-caption-text\">Suurella k\u00e4mmenell\u00e4. 2013. pronssi <br \/>Seurakuntakeskus Hyvink\u00e4\u00e4 <br \/>(Teos patinoituu ihmisten kosketuksesta. Vieress\u00e4 kosketusn\u00e4ytt\u00f6, jossa talon tapahtumia)<\/p><\/div>\n<div id=\"attachment_512\" style=\"width: 1510px\" class=\"wp-caption alignleft\"><img loading=\"lazy\" decoding=\"async\" aria-describedby=\"caption-attachment-512\" class=\"wp-image-512 size-full\" src=\"http:\/\/www.maijahelasvuo.com\/wp-content\/uploads\/2020\/02\/Helasvuo-Suurella-K\u00e4mmenell\u00e4-2013_web_2.jpg\" alt=\"maija helasvuo veistos 2013\" width=\"1500\" height=\"1001\" srcset=\"https:\/\/www.maijahelasvuo.com\/wp-content\/uploads\/2020\/02\/Helasvuo-Suurella-K\u00e4mmenell\u00e4-2013_web_2.jpg 1500w, https:\/\/www.maijahelasvuo.com\/wp-content\/uploads\/2020\/02\/Helasvuo-Suurella-K\u00e4mmenell\u00e4-2013_web_2-300x200.jpg 300w, https:\/\/www.maijahelasvuo.com\/wp-content\/uploads\/2020\/02\/Helasvuo-Suurella-K\u00e4mmenell\u00e4-2013_web_2-1024x683.jpg 1024w, https:\/\/www.maijahelasvuo.com\/wp-content\/uploads\/2020\/02\/Helasvuo-Suurella-K\u00e4mmenell\u00e4-2013_web_2-768x513.jpg 768w\" sizes=\"auto, (max-width: 1500px) 100vw, 1500px\" \/><p id=\"caption-attachment-512\" class=\"wp-caption-text\">Suurella k\u00e4mmenell\u00e4. 2013. pronssi<br \/>Seurakuntakeskus Hyvink\u00e4\u00e4 <br \/>(Teos patinoituu ihmisten kosketuksesta. Vieress\u00e4 kosketusn\u00e4ytt\u00f6, jossa talon tapahtumia)<\/p><\/div>\n<p>Yhteisty\u00f6ss\u00e4 Kuvanveist\u00e4j\u00e4 Anneli Sipil\u00e4isen kanssa<\/p>\n<div id=\"attachment_523\" style=\"width: 1011px\" class=\"wp-caption alignleft\"><img loading=\"lazy\" decoding=\"async\" aria-describedby=\"caption-attachment-523\" class=\"size-full wp-image-523\" src=\"http:\/\/www.maijahelasvuo.com\/wp-content\/uploads\/2020\/02\/Helasvuo-Arjen-kulku-1999_web.jpg\" alt=\"maija helasvuo veistos 1999\" width=\"1001\" height=\"1500\" srcset=\"https:\/\/www.maijahelasvuo.com\/wp-content\/uploads\/2020\/02\/Helasvuo-Arjen-kulku-1999_web.jpg 1001w, https:\/\/www.maijahelasvuo.com\/wp-content\/uploads\/2020\/02\/Helasvuo-Arjen-kulku-1999_web-200x300.jpg 200w, https:\/\/www.maijahelasvuo.com\/wp-content\/uploads\/2020\/02\/Helasvuo-Arjen-kulku-1999_web-683x1024.jpg 683w, https:\/\/www.maijahelasvuo.com\/wp-content\/uploads\/2020\/02\/Helasvuo-Arjen-kulku-1999_web-768x1151.jpg 768w\" sizes=\"auto, (max-width: 1001px) 100vw, 1001px\" \/><p id=\"caption-attachment-523\" class=\"wp-caption-text\">Arjen kulku. 1999. keramiikka <br \/>Villatehdas Hyvink\u00e4\u00e4<\/p><\/div>\n<div id=\"attachment_524\" style=\"width: 1135px\" class=\"wp-caption alignleft\"><img loading=\"lazy\" decoding=\"async\" aria-describedby=\"caption-attachment-524\" class=\"size-full wp-image-524\" src=\"http:\/\/www.maijahelasvuo.com\/wp-content\/uploads\/2020\/02\/Helasvuo-k\u00e4sill\u00e4-olevat-2000_web.jpg\" alt=\"maija helasvuo veistos 2000\" width=\"1125\" height=\"1500\" srcset=\"https:\/\/www.maijahelasvuo.com\/wp-content\/uploads\/2020\/02\/Helasvuo-k\u00e4sill\u00e4-olevat-2000_web.jpg 1125w, https:\/\/www.maijahelasvuo.com\/wp-content\/uploads\/2020\/02\/Helasvuo-k\u00e4sill\u00e4-olevat-2000_web-225x300.jpg 225w, https:\/\/www.maijahelasvuo.com\/wp-content\/uploads\/2020\/02\/Helasvuo-k\u00e4sill\u00e4-olevat-2000_web-768x1024.jpg 768w, https:\/\/www.maijahelasvuo.com\/wp-content\/uploads\/2020\/02\/Helasvuo-k\u00e4sill\u00e4-olevat-2000_web-360x480.jpg 360w\" sizes=\"auto, (max-width: 1125px) 100vw, 1125px\" \/><p id=\"caption-attachment-524\" class=\"wp-caption-text\">K\u00e4sill\u00e4 olevat. 2000. keramiikka <br \/>Kahvila Hyvink\u00e4\u00e4<\/p><\/div>\n<p>&nbsp;<\/p>","protected":false},"excerpt":{"rendered":"<p>Yhteisty\u00f6ss\u00e4 Kuvanveist\u00e4j\u00e4 Anneli Sipil\u00e4isen kanssa &nbsp;<\/p>\n","protected":false},"author":1,"featured_media":0,"parent":0,"menu_order":0,"comment_status":"closed","ping_status":"closed","template":"","meta":{"footnotes":""},"class_list":["post-503","page","type-page","status-publish","hentry"],"_links":{"self":[{"href":"https:\/\/www.maijahelasvuo.com\/fi\/wp-json\/wp\/v2\/pages\/503","targetHints":{"allow":["GET"]}}],"collection":[{"href":"https:\/\/www.maijahelasvuo.com\/fi\/wp-json\/wp\/v2\/pages"}],"about":[{"href":"https:\/\/www.maijahelasvuo.com\/fi\/wp-json\/wp\/v2\/types\/page"}],"author":[{"embeddable":true,"href":"https:\/\/www.maijahelasvuo.com\/fi\/wp-json\/wp\/v2\/users\/1"}],"replies":[{"embeddable":true,"href":"https:\/\/www.maijahelasvuo.com\/fi\/wp-json\/wp\/v2\/comments?post=503"}],"version-history":[{"count":49,"href":"https:\/\/www.maijahelasvuo.com\/fi\/wp-json\/wp\/v2\/pages\/503\/revisions"}],"predecessor-version":[{"id":743,"href":"https:\/\/www.maijahelasvuo.com\/fi\/wp-json\/wp\/v2\/pages\/503\/revisions\/743"}],"wp:attachment":[{"href":"https:\/\/www.maijahelasvuo.com\/fi\/wp-json\/wp\/v2\/media?parent=503"}],"curies":[{"name":"wp","href":"https:\/\/api.w.org\/{rel}","templated":true}]}}