{"id":4,"date":"2016-06-14T14:59:57","date_gmt":"2016-06-14T14:59:57","guid":{"rendered":"http:\/\/www.maijahelasvuo.com\/?page_id=4"},"modified":"2026-02-02T14:45:58","modified_gmt":"2026-02-02T12:45:58","slug":"home","status":"publish","type":"page","link":"https:\/\/www.maijahelasvuo.com\/fi\/","title":{"rendered":"Home"},"content":{"rendered":"<p><div id=\"attachment_544\" style=\"width: 810px\" class=\"wp-caption alignleft\"><img loading=\"lazy\" decoding=\"async\" aria-describedby=\"caption-attachment-544\" class=\"wp-image-544 size-full\" src=\"http:\/\/www.maijahelasvuo.com\/wp-content\/uploads\/2021\/11\/Maija_Helasvuo_Evaat_Mukaan.jpg\" alt=\"maija helasvuo veistos\" width=\"800\" height=\"600\" srcset=\"https:\/\/www.maijahelasvuo.com\/wp-content\/uploads\/2021\/11\/Maija_Helasvuo_Evaat_Mukaan.jpg 800w, https:\/\/www.maijahelasvuo.com\/wp-content\/uploads\/2021\/11\/Maija_Helasvuo_Evaat_Mukaan-300x225.jpg 300w, https:\/\/www.maijahelasvuo.com\/wp-content\/uploads\/2021\/11\/Maija_Helasvuo_Evaat_Mukaan-768x576.jpg 768w\" sizes=\"auto, (max-width: 800px) 100vw, 800px\" \/><p id=\"caption-attachment-544\" class=\"wp-caption-text\">Ev\u00e4\u00e4t mukaan!<br \/>A Lunch to Go!<br \/>Pronssi 210 x 320 x 220 cm, kivipolku 16 m<br \/>Bronze, Stone Bath<br \/>Ylisoutajan aukio Joensuu<br \/>Ylisoutaja Square City of Joensuu<\/p><\/div><\/p>\n<div class=\"lightgrey-box\">\n<p><span style=\"color: #808000;\">Tulevat n\u00e4yttelyt:<\/span><\/p>\n<ul>\n<li>Gallery K41 Bryssel 2026 (kutsu)<\/li>\n<li>Galerie Toolbox Contact II, Berlin 2026<\/li>\n<li>Echo Echo Mitte Sculpturverein Berlin 2026 (kutsu)<\/li>\n<li>Mengerzeile Berlin 2026<\/li>\n<li>Spirit Transfer Moers 2027<\/li>\n<li>Galleria Sculptor yhdess\u00e4 kuvanveist\u00e4j\u00e4, kuraattori Veronika Witten kanssa 2027<\/li>\n<li>Voipaala Taidekeskus 2028<\/li>\n<li>Joensuun Taidemuseo Onni 2028<\/li>\n<\/ul>\n<\/div><\/p>","protected":false},"excerpt":{"rendered":"","protected":false},"author":1,"featured_media":0,"parent":0,"menu_order":0,"comment_status":"closed","ping_status":"closed","template":"","meta":{"footnotes":""},"class_list":["post-4","page","type-page","status-publish","hentry"],"_links":{"self":[{"href":"https:\/\/www.maijahelasvuo.com\/fi\/wp-json\/wp\/v2\/pages\/4","targetHints":{"allow":["GET"]}}],"collection":[{"href":"https:\/\/www.maijahelasvuo.com\/fi\/wp-json\/wp\/v2\/pages"}],"about":[{"href":"https:\/\/www.maijahelasvuo.com\/fi\/wp-json\/wp\/v2\/types\/page"}],"author":[{"embeddable":true,"href":"https:\/\/www.maijahelasvuo.com\/fi\/wp-json\/wp\/v2\/users\/1"}],"replies":[{"embeddable":true,"href":"https:\/\/www.maijahelasvuo.com\/fi\/wp-json\/wp\/v2\/comments?post=4"}],"version-history":[{"count":51,"href":"https:\/\/www.maijahelasvuo.com\/fi\/wp-json\/wp\/v2\/pages\/4\/revisions"}],"predecessor-version":[{"id":746,"href":"https:\/\/www.maijahelasvuo.com\/fi\/wp-json\/wp\/v2\/pages\/4\/revisions\/746"}],"wp:attachment":[{"href":"https:\/\/www.maijahelasvuo.com\/fi\/wp-json\/wp\/v2\/media?parent=4"}],"curies":[{"name":"wp","href":"https:\/\/api.w.org\/{rel}","templated":true}]}}